{"id":44,"date":"2021-11-06T15:10:26","date_gmt":"2021-11-06T14:10:26","guid":{"rendered":"https:\/\/schaumburger-beratungszentrum.de\/blog\/impressum\/"},"modified":"2023-02-15T12:53:47","modified_gmt":"2023-02-15T11:53:47","slug":"impressum","status":"publish","type":"page","link":"https:\/\/schaumburger-beratungszentrum.de\/blog\/impressum\/","title":{"rendered":"Impressum"},"content":{"rendered":"\n<p><em>Dieses Impressum wurde zuletzt am 15. Februar 2023 aktualisiert.<\/em><\/p>\n\n\n\n<p><strong>Der Inhaber dieser Website ist:<\/strong><\/p>\n\n\n\n<p>Schaumburger Beratungszentrum <br>Inh. Stephanie Sch\u00fctte Einzelunternehmen<br>B\u00e4ckerstra\u00dfe 30 A<br>31737 Rinteln<br>Deutschland<br>E-Mail:\u00a0info@schaumburger-beratungszentrum.de<br>Telefonnummer: 05751-9934902<br>VAT ID:\u00a0DE314475989 | Steuer-Nr. 44\/142\/15012<\/p>\n\n\n\n<p><\/p>\n\n\n\n<p><strong>Gesetzlicher Vertreter: <\/strong>Stephanie Sch\u00fctte<\/p>\n\n\n\n<p><strong>Der Name unserer Aufsichtsbeh\u00f6rde lautet:<\/strong><\/p>\n\n\n\n<p>Certuria Certifiacation Germany GmbH, Zertifikats-Nr. ZG3430<\/p>\n\n\n\n<p>Wir sind bereit oder verpflichtet, an Streitbeilegungsverfahren vor einer Verbraucherschlichtungsstelle teilzunehmen.<\/p>\n\n\n\n<p><strong>Bildnachweis:<\/strong><br>AdobeStock_111985852_cosma<br>AdobeStock_126647119_ stockpics<br>AdobeStock_192825974_zorandim75<br>AdobeStock_33255639_Gina Sanders<br>AdobeStock_33387304_Light Impression<br>AdobeStock_84059499_ Jamrooferpix<\/p>\n","protected":false},"excerpt":{"rendered":"<p>Dieses Impressum wurde zuletzt am 15. Februar 2023 aktualisiert. Der Inhaber dieser Website ist: Schaumburger Beratungszentrum Inh. Stephanie Sch\u00fctte EinzelunternehmenB\u00e4ckerstra\u00dfe 30 A31737 RintelnDeutschlandE-Mail:\u00a0info@schaumburger-beratungszentrum.deTelefonnummer: 05751-9934902VAT ID:\u00a0DE314475989 | Steuer-Nr. 44\/142\/15012 Gesetzlicher Vertreter: Stephanie Sch\u00fctte Der Name unserer Aufsichtsbeh\u00f6rde lautet: Certuria Certifiacation Germany GmbH, Zertifikats-Nr. ZG3430 Wir sind bereit oder verpflichtet, an Streitbeilegungsverfahren vor einer Verbraucherschlichtungsstelle teilzunehmen. Bildnachweis:AdobeStock_111985852_cosmaAdobeStock_126647119_ [&hellip;]<\/p>\n","protected":false},"author":3,"featured_media":0,"parent":0,"menu_order":0,"comment_status":"closed","ping_status":"closed","template":"","meta":{"_et_pb_use_builder":"","_et_pb_old_content":"","_et_gb_content_width":"","footnotes":""},"difl_page_category":[],"class_list":["post-44","page","type-page","status-publish","hentry"],"_links":{"self":[{"href":"https:\/\/schaumburger-beratungszentrum.de\/blog\/wp-json\/wp\/v2\/pages\/44","targetHints":{"allow":["GET"]}}],"collection":[{"href":"https:\/\/schaumburger-beratungszentrum.de\/blog\/wp-json\/wp\/v2\/pages"}],"about":[{"href":"https:\/\/schaumburger-beratungszentrum.de\/blog\/wp-json\/wp\/v2\/types\/page"}],"author":[{"embeddable":true,"href":"https:\/\/schaumburger-beratungszentrum.de\/blog\/wp-json\/wp\/v2\/users\/3"}],"replies":[{"embeddable":true,"href":"https:\/\/schaumburger-beratungszentrum.de\/blog\/wp-json\/wp\/v2\/comments?post=44"}],"version-history":[{"count":4,"href":"https:\/\/schaumburger-beratungszentrum.de\/blog\/wp-json\/wp\/v2\/pages\/44\/revisions"}],"predecessor-version":[{"id":283,"href":"https:\/\/schaumburger-beratungszentrum.de\/blog\/wp-json\/wp\/v2\/pages\/44\/revisions\/283"}],"wp:attachment":[{"href":"https:\/\/schaumburger-beratungszentrum.de\/blog\/wp-json\/wp\/v2\/media?parent=44"}],"wp:term":[{"taxonomy":"difl_page_category","embeddable":true,"href":"https:\/\/schaumburger-beratungszentrum.de\/blog\/wp-json\/wp\/v2\/difl_page_category?post=44"}],"curies":[{"name":"wp","href":"https:\/\/api.w.org\/{rel}","templated":true}]}}